{"id":11526,"date":"2024-03-24T09:57:58","date_gmt":"2024-03-24T07:57:58","guid":{"rendered":"https:\/\/143automodels.eu\/toode\/ikarus-66-1955-omnibus-1-43-green\/"},"modified":"2024-03-24T09:57:58","modified_gmt":"2024-03-24T07:57:58","slug":"ikarus-66-1955-omnibus-1-43-green","status":"publish","type":"product","link":"https:\/\/143automodels.eu\/en\/product\/ikarus-66-1955-omnibus-1-43-green\/","title":{"rendered":"IKARUS 66 1955 OMNIBUS 1\/43 GREEN"},"content":{"rendered":"<p>IKARUS 66 1955 OMNIBUS 1\/43 GREEN , The first Ikarus-66 intended for city lines arrived in Tallinn in March 1957 directly from the exhibition in Moscow. The body of this bus was similar to the Ikarus-55, but with three doors. Another 47 similar city buses arrived, only without roof windows, and these buses ran mainly on the P\u00e4\u00e4sk\u00fcla and Meriv\u00e4lj\u00e4 lines in the 1960s. Limited edition of 300 pcs. This model order will be fulfilled within 35 working days!!<\/p>\n","protected":false},"excerpt":{"rendered":"<p>IKARUS 66 1955 OMNIBUS 1\/43 GREEN , The first Ikarus-66 intended for city lines arrived in Tallinn in March 1957 directly from the exhibition in Moscow. The body of this bus was similar to the Ikarus-55, but with three doors. Another 47 similar city buses arrived, only without roof windows, and these buses ran mainly [&hellip;]<\/p>\n","protected":false},"featured_media":11527,"template":"","meta":[],"product_brand":[],"product_cat":[86,75,126],"product_tag":[],"class_list":{"0":"post-11526","1":"product","2":"type-product","3":"status-publish","4":"has-post-thumbnail","6":"product_cat-buses","7":"product_cat-estonian-ssr-cars","8":"product_cat-russian-ussr-cars","10":"first","11":"instock","12":"shipping-taxable","13":"purchasable","14":"product-type-simple"},"yoast_head":"<!-- This site is optimized with the Yoast SEO plugin v27.4 - https:\/\/yoast.com\/product\/yoast-seo-wordpress\/ -->\n<title>IKARUS 66 1955 OMNIBUS 1\/43 GREEN - 143automodels<\/title>\n<meta name=\"robots\" content=\"index, follow, max-snippet:-1, max-image-preview:large, max-video-preview:-1\" \/>\n<link rel=\"canonical\" href=\"https:\/\/143automodels.eu\/en\/product\/ikarus-66-1955-omnibus-1-43-green\/\" \/>\n<meta property=\"og:locale\" content=\"en_US\" \/>\n<meta property=\"og:type\" content=\"article\" \/>\n<meta property=\"og:title\" content=\"IKARUS 66 1955 OMNIBUS 1\/43 GREEN - 143automodels\" \/>\n<meta property=\"og:description\" content=\"IKARUS 66 1955 OMNIBUS 1\/43 GREEN , The first Ikarus-66 intended for city lines arrived in Tallinn in March 1957 directly from the exhibition in Moscow. The body of this bus was similar to the Ikarus-55, but with three doors. Another 47 similar city buses arrived, only without roof windows, and these buses ran mainly [&hellip;]\" \/>\n<meta property=\"og:url\" content=\"https:\/\/143automodels.eu\/en\/product\/ikarus-66-1955-omnibus-1-43-green\/\" \/>\n<meta property=\"og:site_name\" content=\"143automodels\" \/>\n<meta property=\"article:publisher\" content=\"https:\/\/www.facebook.com\/schefferwood\" \/>\n<meta property=\"og:image\" content=\"https:\/\/143automodels.eu\/wp-content\/uploads\/2024\/03\/20240323_160843.jpg\" \/>\n\t<meta property=\"og:image:width\" content=\"680\" \/>\n\t<meta property=\"og:image:height\" content=\"510\" \/>\n\t<meta property=\"og:image:type\" content=\"image\/jpeg\" \/>\n<meta name=\"twitter:card\" content=\"summary_large_image\" \/>\n<script type=\"application\/ld+json\" class=\"yoast-schema-graph\">{\"@context\":\"https:\\\/\\\/schema.org\",\"@graph\":[{\"@type\":\"WebPage\",\"@id\":\"https:\\\/\\\/143automodels.eu\\\/en\\\/product\\\/ikarus-66-1955-omnibus-1-43-green\\\/\",\"url\":\"https:\\\/\\\/143automodels.eu\\\/en\\\/product\\\/ikarus-66-1955-omnibus-1-43-green\\\/\",\"name\":\"IKARUS 66 1955 OMNIBUS 1\\\/43 GREEN - 143automodels\",\"isPartOf\":{\"@id\":\"https:\\\/\\\/143automodels.eu\\\/#website\"},\"primaryImageOfPage\":{\"@id\":\"https:\\\/\\\/143automodels.eu\\\/en\\\/product\\\/ikarus-66-1955-omnibus-1-43-green\\\/#primaryimage\"},\"image\":{\"@id\":\"https:\\\/\\\/143automodels.eu\\\/en\\\/product\\\/ikarus-66-1955-omnibus-1-43-green\\\/#primaryimage\"},\"thumbnailUrl\":\"https:\\\/\\\/143automodels.eu\\\/wp-content\\\/uploads\\\/2024\\\/03\\\/20240323_160843.jpg\",\"datePublished\":\"2024-03-24T07:57:58+00:00\",\"breadcrumb\":{\"@id\":\"https:\\\/\\\/143automodels.eu\\\/en\\\/product\\\/ikarus-66-1955-omnibus-1-43-green\\\/#breadcrumb\"},\"inLanguage\":\"en-US\",\"potentialAction\":[{\"@type\":\"ReadAction\",\"target\":[\"https:\\\/\\\/143automodels.eu\\\/en\\\/product\\\/ikarus-66-1955-omnibus-1-43-green\\\/\"]}]},{\"@type\":\"ImageObject\",\"inLanguage\":\"en-US\",\"@id\":\"https:\\\/\\\/143automodels.eu\\\/en\\\/product\\\/ikarus-66-1955-omnibus-1-43-green\\\/#primaryimage\",\"url\":\"https:\\\/\\\/143automodels.eu\\\/wp-content\\\/uploads\\\/2024\\\/03\\\/20240323_160843.jpg\",\"contentUrl\":\"https:\\\/\\\/143automodels.eu\\\/wp-content\\\/uploads\\\/2024\\\/03\\\/20240323_160843.jpg\",\"width\":680,\"height\":510},{\"@type\":\"BreadcrumbList\",\"@id\":\"https:\\\/\\\/143automodels.eu\\\/en\\\/product\\\/ikarus-66-1955-omnibus-1-43-green\\\/#breadcrumb\",\"itemListElement\":[{\"@type\":\"ListItem\",\"position\":1,\"name\":\"Home\",\"item\":\"https:\\\/\\\/143automodels.eu\\\/\"},{\"@type\":\"ListItem\",\"position\":2,\"name\":\"Shop\",\"item\":\"https:\\\/\\\/143automodels.eu\\\/en\\\/shop\\\/\"},{\"@type\":\"ListItem\",\"position\":3,\"name\":\"IKARUS 66 1955 OMNIBUS 1\\\/43 GREEN\"}]},{\"@type\":\"WebSite\",\"@id\":\"https:\\\/\\\/143automodels.eu\\\/#website\",\"url\":\"https:\\\/\\\/143automodels.eu\\\/\",\"name\":\"143automodels\",\"description\":\"143automodels\",\"publisher\":{\"@id\":\"https:\\\/\\\/143automodels.eu\\\/#organization\"},\"potentialAction\":[{\"@type\":\"SearchAction\",\"target\":{\"@type\":\"EntryPoint\",\"urlTemplate\":\"https:\\\/\\\/143automodels.eu\\\/?s={search_term_string}\"},\"query-input\":{\"@type\":\"PropertyValueSpecification\",\"valueRequired\":true,\"valueName\":\"search_term_string\"}}],\"inLanguage\":\"en-US\"},{\"@type\":\"Organization\",\"@id\":\"https:\\\/\\\/143automodels.eu\\\/#organization\",\"name\":\"143automodels\",\"url\":\"https:\\\/\\\/143automodels.eu\\\/\",\"logo\":{\"@type\":\"ImageObject\",\"inLanguage\":\"en-US\",\"@id\":\"https:\\\/\\\/143automodels.eu\\\/#\\\/schema\\\/logo\\\/image\\\/\",\"url\":\"https:\\\/\\\/143automodels.eu\\\/wp-content\\\/uploads\\\/2025\\\/02\\\/Schefferwood-logo-1.png\",\"contentUrl\":\"https:\\\/\\\/143automodels.eu\\\/wp-content\\\/uploads\\\/2025\\\/02\\\/Schefferwood-logo-1.png\",\"width\":1078,\"height\":422,\"caption\":\"143automodels\"},\"image\":{\"@id\":\"https:\\\/\\\/143automodels.eu\\\/#\\\/schema\\\/logo\\\/image\\\/\"},\"sameAs\":[\"https:\\\/\\\/www.facebook.com\\\/schefferwood\"]}]}<\/script>\n<!-- \/ Yoast SEO plugin. -->","yoast_head_json":{"title":"IKARUS 66 1955 OMNIBUS 1\/43 GREEN - 143automodels","robots":{"index":"index","follow":"follow","max-snippet":"max-snippet:-1","max-image-preview":"max-image-preview:large","max-video-preview":"max-video-preview:-1"},"canonical":"https:\/\/143automodels.eu\/en\/product\/ikarus-66-1955-omnibus-1-43-green\/","og_locale":"en_US","og_type":"article","og_title":"IKARUS 66 1955 OMNIBUS 1\/43 GREEN - 143automodels","og_description":"IKARUS 66 1955 OMNIBUS 1\/43 GREEN , The first Ikarus-66 intended for city lines arrived in Tallinn in March 1957 directly from the exhibition in Moscow. The body of this bus was similar to the Ikarus-55, but with three doors. Another 47 similar city buses arrived, only without roof windows, and these buses ran mainly [&hellip;]","og_url":"https:\/\/143automodels.eu\/en\/product\/ikarus-66-1955-omnibus-1-43-green\/","og_site_name":"143automodels","article_publisher":"https:\/\/www.facebook.com\/schefferwood","og_image":[{"width":680,"height":510,"url":"https:\/\/143automodels.eu\/wp-content\/uploads\/2024\/03\/20240323_160843.jpg","type":"image\/jpeg"}],"twitter_card":"summary_large_image","schema":{"@context":"https:\/\/schema.org","@graph":[{"@type":"WebPage","@id":"https:\/\/143automodels.eu\/en\/product\/ikarus-66-1955-omnibus-1-43-green\/","url":"https:\/\/143automodels.eu\/en\/product\/ikarus-66-1955-omnibus-1-43-green\/","name":"IKARUS 66 1955 OMNIBUS 1\/43 GREEN - 143automodels","isPartOf":{"@id":"https:\/\/143automodels.eu\/#website"},"primaryImageOfPage":{"@id":"https:\/\/143automodels.eu\/en\/product\/ikarus-66-1955-omnibus-1-43-green\/#primaryimage"},"image":{"@id":"https:\/\/143automodels.eu\/en\/product\/ikarus-66-1955-omnibus-1-43-green\/#primaryimage"},"thumbnailUrl":"https:\/\/143automodels.eu\/wp-content\/uploads\/2024\/03\/20240323_160843.jpg","datePublished":"2024-03-24T07:57:58+00:00","breadcrumb":{"@id":"https:\/\/143automodels.eu\/en\/product\/ikarus-66-1955-omnibus-1-43-green\/#breadcrumb"},"inLanguage":"en-US","potentialAction":[{"@type":"ReadAction","target":["https:\/\/143automodels.eu\/en\/product\/ikarus-66-1955-omnibus-1-43-green\/"]}]},{"@type":"ImageObject","inLanguage":"en-US","@id":"https:\/\/143automodels.eu\/en\/product\/ikarus-66-1955-omnibus-1-43-green\/#primaryimage","url":"https:\/\/143automodels.eu\/wp-content\/uploads\/2024\/03\/20240323_160843.jpg","contentUrl":"https:\/\/143automodels.eu\/wp-content\/uploads\/2024\/03\/20240323_160843.jpg","width":680,"height":510},{"@type":"BreadcrumbList","@id":"https:\/\/143automodels.eu\/en\/product\/ikarus-66-1955-omnibus-1-43-green\/#breadcrumb","itemListElement":[{"@type":"ListItem","position":1,"name":"Home","item":"https:\/\/143automodels.eu\/"},{"@type":"ListItem","position":2,"name":"Shop","item":"https:\/\/143automodels.eu\/en\/shop\/"},{"@type":"ListItem","position":3,"name":"IKARUS 66 1955 OMNIBUS 1\/43 GREEN"}]},{"@type":"WebSite","@id":"https:\/\/143automodels.eu\/#website","url":"https:\/\/143automodels.eu\/","name":"143automodels","description":"143automodels","publisher":{"@id":"https:\/\/143automodels.eu\/#organization"},"potentialAction":[{"@type":"SearchAction","target":{"@type":"EntryPoint","urlTemplate":"https:\/\/143automodels.eu\/?s={search_term_string}"},"query-input":{"@type":"PropertyValueSpecification","valueRequired":true,"valueName":"search_term_string"}}],"inLanguage":"en-US"},{"@type":"Organization","@id":"https:\/\/143automodels.eu\/#organization","name":"143automodels","url":"https:\/\/143automodels.eu\/","logo":{"@type":"ImageObject","inLanguage":"en-US","@id":"https:\/\/143automodels.eu\/#\/schema\/logo\/image\/","url":"https:\/\/143automodels.eu\/wp-content\/uploads\/2025\/02\/Schefferwood-logo-1.png","contentUrl":"https:\/\/143automodels.eu\/wp-content\/uploads\/2025\/02\/Schefferwood-logo-1.png","width":1078,"height":422,"caption":"143automodels"},"image":{"@id":"https:\/\/143automodels.eu\/#\/schema\/logo\/image\/"},"sameAs":["https:\/\/www.facebook.com\/schefferwood"]}]}},"_links":{"self":[{"href":"https:\/\/143automodels.eu\/en\/wp-json\/wp\/v2\/product\/11526","targetHints":{"allow":["GET"]}}],"collection":[{"href":"https:\/\/143automodels.eu\/en\/wp-json\/wp\/v2\/product"}],"about":[{"href":"https:\/\/143automodels.eu\/en\/wp-json\/wp\/v2\/types\/product"}],"wp:featuredmedia":[{"embeddable":true,"href":"https:\/\/143automodels.eu\/en\/wp-json\/wp\/v2\/media\/11527"}],"wp:attachment":[{"href":"https:\/\/143automodels.eu\/en\/wp-json\/wp\/v2\/media?parent=11526"}],"wp:term":[{"taxonomy":"product_brand","embeddable":true,"href":"https:\/\/143automodels.eu\/en\/wp-json\/wp\/v2\/product_brand?post=11526"},{"taxonomy":"product_cat","embeddable":true,"href":"https:\/\/143automodels.eu\/en\/wp-json\/wp\/v2\/product_cat?post=11526"},{"taxonomy":"product_tag","embeddable":true,"href":"https:\/\/143automodels.eu\/en\/wp-json\/wp\/v2\/product_tag?post=11526"}],"curies":[{"name":"wp","href":"https:\/\/api.w.org\/{rel}","templated":true}]}}